{"id":21518,"date":"2018-01-26T13:34:04","date_gmt":"2018-01-26T18:34:04","guid":{"rendered":"https:\/\/ecarrieres.com\/faq\/"},"modified":"2023-10-23T16:35:50","modified_gmt":"2023-10-23T20:35:50","slug":"faq","status":"publish","type":"page","link":"https:\/\/ecarrieres.com\/en\/faq\/","title":{"rendered":"FAQ"},"content":{"rendered":"<p>[et_pb_section fb_built=&#8221;1&#8243; _builder_version=&#8221;4.22.2&#8243; background_enable_color=&#8221;off&#8221; use_background_color_gradient=&#8221;on&#8221; background_color_gradient_stops=&#8221;#5f6679 0%|rgba(41,196,169,0) 100%&#8221; background_color_gradient_overlays_image=&#8221;on&#8221; background_image=&#8221;https:\/\/ecarrieres.com\/wp-content\/uploads\/2023\/10\/DSC7456-scaled.jpg&#8221; parallax=&#8221;on&#8221; module_alignment=&#8221;right&#8221; min_height=&#8221;575px&#8221; custom_margin=&#8221;|||&#8221; custom_padding=&#8221;0px||0px|&#8221; custom_css_main_element=&#8221;    display: flex;||    align-items: center;&#8221; da_disable_devices=&#8221;off|off|off&#8221; border_color_all=&#8221;#ffffff&#8221; border_width_right=&#8221;15px&#8221; border_width_left=&#8221;15px&#8221; global_colors_info=&#8221;{}&#8221; da_is_popup=&#8221;off&#8221; da_exit_intent=&#8221;off&#8221; da_has_close=&#8221;on&#8221; da_alt_close=&#8221;off&#8221; da_dark_close=&#8221;off&#8221; da_not_modal=&#8221;on&#8221; da_is_singular=&#8221;off&#8221; da_with_loader=&#8221;off&#8221; da_has_shadow=&#8221;on&#8221;][et_pb_row use_custom_gutter=&#8221;on&#8221; gutter_width=&#8221;1&#8243; _builder_version=&#8221;4.17.4&#8243; width_tablet=&#8221;100%&#8221; width_phone=&#8221;100%&#8221; width_last_edited=&#8221;on|desktop&#8221; max_width=&#8221;1280px&#8221; max_width_tablet=&#8221;100%&#8221; max_width_phone=&#8221;100%&#8221; max_width_last_edited=&#8221;on|desktop&#8221; module_alignment=&#8221;center&#8221; custom_margin=&#8221;0px|0px|0px|0px&#8221; custom_padding=&#8221;90px|0px|0px|0px|false|false&#8221; custom_css_main_element=&#8221;max-width:80% !important;||margin:0 auto;&#8221; make_fullwidth=&#8221;on&#8221; global_colors_info=&#8221;{}&#8221;][et_pb_column type=&#8221;4_4&#8243; _builder_version=&#8221;4.17.4&#8243; custom_padding=&#8221;0px|0px|0px|0px|false|false&#8221; global_colors_info=&#8221;{}&#8221; custom_padding__hover=&#8221;|||&#8221;][et_pb_text _builder_version=&#8221;4.23&#8243; text_text_color=&#8221;#FFFFFF&#8221; header_font=&#8221;Source Sans Pro||||||||&#8221; header_text_color=&#8221;#FFFFFF&#8221; header_font_size=&#8221;72px&#8221; header_2_font=&#8221;Source Sans Pro||on||||||&#8221; header_2_text_align=&#8221;center&#8221; header_2_text_color=&#8221;#4ecdc4&#8243; header_2_font_size=&#8221;42px&#8221; header_2_letter_spacing=&#8221;3px&#8221; header_2_line_height=&#8221;1.1em&#8221; header_3_text_color=&#8221;#FFFFFF&#8221; module_alignment=&#8221;center&#8221; custom_margin=&#8221;0px|||&#8221; custom_margin_tablet=&#8221;&#8221; custom_margin_phone=&#8221;&#8221; custom_margin_last_edited=&#8221;on|desktop&#8221; custom_padding=&#8221;|0px||0px|false|false&#8221; animation_style=&#8221;fade&#8221; global_colors_info=&#8221;{}&#8221;]<\/p>\n<h3 style=\"font-weight: 300; letter-spacing: 4px; text-align: center;\">Frequently asked<\/h3>\n<h1 style=\"font-size: 72px; text-align: center;\">Questions<\/h1>\n<p>[\/et_pb_text][\/et_pb_column][\/et_pb_row][\/et_pb_section][et_pb_section fb_built=&#8221;1&#8243; disabled_on=&#8221;off|off|off&#8221; _builder_version=&#8221;4.16&#8243; background_color=&#8221;#ffffff&#8221; background_color_gradient_direction=&#8221;153deg&#8221; max_width_tablet=&#8221;&#8221; max_width_phone=&#8221;&#8221; max_width_last_edited=&#8221;on|desktop&#8221; custom_padding=&#8221;24px|0px|17px|0px&#8221; da_disable_devices=&#8221;off|off|off&#8221; border_width_right=&#8221;15px&#8221; border_color_right=&#8221;#ffffff&#8221; border_width_left=&#8221;15px&#8221; border_color_left=&#8221;#ffffff&#8221; global_colors_info=&#8221;{}&#8221; da_is_popup=&#8221;off&#8221; da_exit_intent=&#8221;off&#8221; da_has_close=&#8221;on&#8221; da_alt_close=&#8221;off&#8221; da_dark_close=&#8221;off&#8221; da_not_modal=&#8221;on&#8221; da_is_singular=&#8221;off&#8221; da_with_loader=&#8221;off&#8221; da_has_shadow=&#8221;on&#8221;][et_pb_row column_structure=&#8221;1_2,1_2&#8243; module_class=&#8221; et_pb_row_fullwidth&#8221; _builder_version=&#8221;4.16&#8243; width=&#8221;89%&#8221; width_tablet=&#8221;80%&#8221; width_phone=&#8221;80%&#8221; width_last_edited=&#8221;on|desktop&#8221; max_width=&#8221;89%&#8221; max_width_tablet=&#8221;80%&#8221; max_width_phone=&#8221;80%&#8221; max_width_last_edited=&#8221;on|desktop&#8221; custom_margin=&#8221;|||&#8221; custom_padding=&#8221;2vw|4vw|2vw|4vw&#8221; make_fullwidth=&#8221;on&#8221; global_colors_info=&#8221;{}&#8221;][et_pb_column type=&#8221;1_2&#8243; _builder_version=&#8221;4.16&#8243; custom_padding=&#8221;|||&#8221; global_colors_info=&#8221;{}&#8221; custom_padding__hover=&#8221;|||&#8221;][et_pb_text _builder_version=&#8221;4.23&#8243; _module_preset=&#8221;default&#8221; hover_enabled=&#8221;0&#8243; global_colors_info=&#8221;{}&#8221; sticky_enabled=&#8221;0&#8243;]<\/p>\n<h3 style=\"text-align: center;\">For exhibitors<\/h3>\n<p>[\/et_pb_text][et_pb_accordion _builder_version=&#8221;4.23&#8243; _module_preset=&#8221;default&#8221; global_colors_info=&#8221;{}&#8221;][et_pb_accordion_item title=&#8221;How much does a booth cost?&#8221; open=&#8221;on&#8221; _builder_version=&#8221;4.23&#8243; _module_preset=&#8221;default&#8221; global_colors_info=&#8221;{}&#8221;]<\/p>\n<p>To find out the cost of a stand at a job fair, whatever the event, <a href=\"https:\/\/ecarrieres.com\/en\/contact-us\/\">contact us<\/a>, we&#8217;ll be happy to help! Don&#8217;t forget to fill in your contact details.<\/p>\n<p>[\/et_pb_accordion_item][et_pb_accordion_item title=&#8221;Are there any preferential rates?&#8221; _builder_version=&#8221;4.23&#8243; _module_preset=&#8221;default&#8221; global_colors_info=&#8221;{}&#8221; open=&#8221;off&#8221;]<\/p>\n<p>Only non-profit organizations benefit from a preferential rate for the Employment Assistance and Immigration area.<br \/>By reserving your booth in advance, you may be able to benefit from an early discount on your job fair and continuing education registration! A discount also applies if you register for several career days at the same time.<br \/>All pricing information will appear at the end of your registration form. If you encounter any difficulties when registering, please contact our team.<\/p>\n<p>[\/et_pb_accordion_item][et_pb_accordion_item title=&#8221;How do I reserve a stand?&#8221; _builder_version=&#8221;4.23&#8243; _module_preset=&#8221;default&#8221; global_colors_info=&#8221;{}&#8221; open=&#8221;off&#8221;]<\/p>\n<p>It&#8217;s as simple as filling in the registration form, which we&#8217;ll send you by e-mail on request. <a href=\"https:\/\/ecarrieres.com\/en\/contact-us\/\">Contact us<\/a>, and we&#8217;ll be happy to guide you step by step through the registration process!<\/p>\n<p>[\/et_pb_accordion_item][et_pb_accordion_item title=&#8221;What services are included in a stand reservation?&#8221; _builder_version=&#8221;4.23&#8243; _module_preset=&#8221;default&#8221; global_colors_info=&#8221;{}&#8221; open=&#8221;off&#8221;]<\/p>\n<p>All our packages include furniture (a table + 2 chairs), carpet and signage, as well as an appearance in the official show program: company logo and examples of positions offered.<\/p>\n<p>On site, our team is at your disposal, and rest areas allow you to take a coffee break to recharge your batteries. As soon as you register, we&#8217;ll get in touch with you to ensure you get the best possible support!<\/p>\n<p>[\/et_pb_accordion_item][et_pb_accordion_item title=&#8221;Can I choose additional options?&#8221; _builder_version=&#8221;4.23&#8243; _module_preset=&#8221;default&#8221; global_colors_info=&#8221;{}&#8221; open=&#8221;off&#8221;]<\/p>\n<p>You can choose from two types of visibility options:<\/p>\n<ul>\n<li>On our ecarriere.com website and newsletter: animated banner, animated big box, &#8220;exhibitor in the spotlight&#8221; article<\/li>\n<li>On our social networks<\/li>\n<li>During the event: preferential location, logo on the show floor plan, your advertisement in the official program of the career fair or Job Day<\/li>\n<\/ul>\n<p>Meal vouchers for you and your team and electricity are also available.<\/p>\n<p>[\/et_pb_accordion_item][et_pb_accordion_item title=&#8221;Is it possible to reserve a booth for just one day instead of two at the Salon de l&#8217;emploi et de la formation continue de Montr\u00e9al?&#8221; _builder_version=&#8221;4.23&#8243; _module_preset=&#8221;default&#8221; global_colors_info=&#8221;{}&#8221; open=&#8221;off&#8221;]<\/p>\n<p>No. When you book a stand, your presence at the job and continuing education fair is required for both days. This means you&#8217;ll meet twice as many visitors!<\/p>\n<p>[\/et_pb_accordion_item][et_pb_accordion_item title=&#8221;Once you&#8217;ve registered for a job fair, how do you prepare for the event?&#8221; _builder_version=&#8221;4.23&#8243; _module_preset=&#8221;default&#8221; global_colors_info=&#8221;{}&#8221; open=&#8221;off&#8221;]<\/p>\n<p><span>Take a look at <a href=\"https:\/\/ecarrieres.com\/fr\/nos-recommandations-aux-exposants\/\">our article<\/a> with some tips on how to prepare yourself and your team for your next recruitment event in Quebec.<\/span><\/p>\n<p>[\/et_pb_accordion_item][et_pb_accordion_item title=&#8221;What other services does L&#8217;\u00c9v\u00e9nement Carri\u00e8res offer?&#8221; _builder_version=&#8221;4.23&#8243; _module_preset=&#8221;default&#8221; global_colors_info=&#8221;{}&#8221; open=&#8221;off&#8221;]<\/p>\n<p>In addition to job fairs, we offer a range of customized services to help you meet your recruitment and visibility objectives: open houses, virtual fairs, turnkey job fairs, etc.<br \/>See our \u00c0 la carte Services page for more details. Our team of experts can advise and guide you for your events in Quebec or elsewhere!<\/p>\n<p>[\/et_pb_accordion_item][\/et_pb_accordion][\/et_pb_column][et_pb_column type=&#8221;1_2&#8243; _builder_version=&#8221;4.16&#8243; custom_padding=&#8221;|||&#8221; global_colors_info=&#8221;{}&#8221; custom_padding__hover=&#8221;|||&#8221;][et_pb_text _builder_version=&#8221;4.23&#8243; _module_preset=&#8221;default&#8221; hover_enabled=&#8221;0&#8243; global_colors_info=&#8221;{}&#8221; sticky_enabled=&#8221;0&#8243;]<\/p>\n<h3 style=\"text-align: center;\">For visitors<\/h3>\n<p>[\/et_pb_text][et_pb_accordion _builder_version=&#8221;4.23&#8243; _module_preset=&#8221;default&#8221; global_colors_info=&#8221;{}&#8221;][et_pb_accordion_item title=&#8221;Is admission free?&#8221; open=&#8221;on&#8221; _builder_version=&#8221;4.23&#8243; _module_preset=&#8221;default&#8221; global_colors_info=&#8221;{}&#8221;]<\/p>\n<p>All our events, services and conferences are free of charge.<\/p>\n<p>[\/et_pb_accordion_item][et_pb_accordion_item title=&#8221;I&#8217;m looking for a job, can you help me?&#8221; _builder_version=&#8221;4.23&#8243; _module_preset=&#8221;default&#8221; global_colors_info=&#8221;{}&#8221; open=&#8221;off&#8221;]<\/p>\n<p>Use the search engine in our exhibitor directory to find out about the companies, jobs and services on offer at one of our trade shows. You can filter by fields, types and job opportunities. Add to your favourites to create your own itinerary for your visit. <a href=\"https:\/\/ecarrieres.com\/en\/exhibitors-directory\/\">https:\/\/ecarrieres.com\/en\/exhibitors-directory\/<\/a><br \/><strong>To apply, you need to come to one of our events with your CV.<\/strong><\/p>\n<p>For your information, we organize job fairs to enable companies and job seekers to meet. However, we are not an employment agency or an employment aid organization. Unfortunately, we can&#8217;t help you with your search, employment or immigration procedures.<\/p>\n<p>[\/et_pb_accordion_item][et_pb_accordion_item title=&#8221;How do I apply?&#8221; _builder_version=&#8221;4.23&#8243; _module_preset=&#8221;default&#8221; global_colors_info=&#8221;{}&#8221; open=&#8221;off&#8221;]<\/p>\n<p>Applying for exhibitor jobs couldn&#8217;t be easier! Come to one of our events with your CV. You can then hand them out to recruiters and have a chat with them.<\/p>\n<p>[\/et_pb_accordion_item][et_pb_accordion_item title=&#8221;Why prepare your visit?&#8221; _builder_version=&#8221;4.23&#8243; _module_preset=&#8221;default&#8221; global_colors_info=&#8221;{}&#8221; open=&#8221;off&#8221;]<\/p>\n<p>By preparing your visit to one of our job fairs, you can optimize your chances of finding your dream job. To find out more about how to prepare for your visit, <a href=\"https:\/\/ecarrieres.com\/en\/blog\/\">click here.<\/a><\/p>\n<p>[\/et_pb_accordion_item][et_pb_accordion_item title=&#8221;I have visitor status. Can I take part?&#8221; _builder_version=&#8221;4.23&#8243; _module_preset=&#8221;default&#8221; global_colors_info=&#8221;{}&#8221; open=&#8221;off&#8221;]<\/p>\n<p>People wishing to come to the job fair with visitor status are welcome. However, most exhibiting employers prefer to hire candidates who have legal authorization to work in Quebec. If you have visitor status and are looking for a job, it&#8217;s a good idea to find out about the immigration process.<\/p>\n<p>We recommend that you contact the appropriate organizations: <a href=\"https:\/\/www.quebec.ca\/immigration\">https:\/\/www.quebec.ca\/immigration<\/a>.<\/p>\n<p>[\/et_pb_accordion_item][et_pb_accordion_item title=&#8221;I&#8217;m outside Canada, how can I get involved? &#8221; _builder_version=&#8221;4.23&#8243; _module_preset=&#8221;default&#8221; global_colors_info=&#8221;{}&#8221; open=&#8221;off&#8221;]<\/p>\n<p>Unfortunately, as our events are physical and not virtual, you won&#8217;t be able to attend them.<br \/>We invite you to contact organizations that can help you with your immigration process, or to find out about virtual job fairs dedicated to candidates wishing to immigrate to Quebec. You can find information at this link: https:\/\/www.quebec.ca\/immigration<\/p>\n<p>[\/et_pb_accordion_item][et_pb_accordion_item title=&#8221;What services and conferences are offered at our shows?&#8221; _builder_version=&#8221;4.23&#8243; _module_preset=&#8221;default&#8221; global_colors_info=&#8221;{}&#8221; open=&#8221;off&#8221;]<\/p>\n<p>A service pavilion is available at all our shows. Services may vary from event to event.<\/p>\n<p>Conferences are only available at the Salon de l&#8217;emploi et de la formation continue. The list of services and conferences on offer can be found on the event page.<\/p>\n<p>[\/et_pb_accordion_item][et_pb_accordion_item title=&#8221;Can I access the IT &#038; Engineering section of the career and continuing education fair? &#8221; _builder_version=&#8221;4.23&#8243; _module_preset=&#8221;default&#8221; global_colors_info=&#8221;{}&#8221; open=&#8221;off&#8221;]<\/p>\n<p>The IT &amp; Engineering area is selective in order to meet the specific needs of recruiters. To gain access, candidates must meet certain conditions:<\/p>\n<ul>\n<li>IT: graduate, post-graduate or professional in Information Technology<\/li>\n<li>Engineering: graduate, engineer or engineering graduate<\/li>\n<\/ul>\n<p>[\/et_pb_accordion_item][\/et_pb_accordion][\/et_pb_column][\/et_pb_row][\/et_pb_section][et_pb_section fb_built=&#8221;1&#8243; disabled_on=&#8221;on|off|off&#8221; _builder_version=&#8221;4.17.6&#8243; background_color=&#8221;rgba(78,205,196,0.14)&#8221; background_color_gradient_direction=&#8221;153deg&#8221; max_width_tablet=&#8221;&#8221; max_width_phone=&#8221;&#8221; max_width_last_edited=&#8221;on|desktop&#8221; custom_padding=&#8221;120px|0px|120px|0px|false|false&#8221; da_disable_devices=&#8221;off|off|off&#8221; border_width_right=&#8221;15px&#8221; border_color_right=&#8221;#ffffff&#8221; border_width_left=&#8221;15px&#8221; border_color_left=&#8221;#ffffff&#8221; global_colors_info=&#8221;{}&#8221; da_is_popup=&#8221;off&#8221; da_exit_intent=&#8221;off&#8221; da_has_close=&#8221;on&#8221; da_alt_close=&#8221;off&#8221; da_dark_close=&#8221;off&#8221; da_not_modal=&#8221;on&#8221; da_is_singular=&#8221;off&#8221; da_with_loader=&#8221;off&#8221; da_has_shadow=&#8221;on&#8221;][et_pb_row column_structure=&#8221;1_2,1_2&#8243; use_custom_gutter=&#8221;on&#8221; gutter_width=&#8221;2&#8243; module_class=&#8221; et_pb_row_fullwidth&#8221; _builder_version=&#8221;4.17.4&#8243; width=&#8221;89%&#8221; width_tablet=&#8221;80%&#8221; width_phone=&#8221;80%&#8221; width_last_edited=&#8221;on|desktop&#8221; max_width=&#8221;1280px&#8221; max_width_tablet=&#8221;80%&#8221; max_width_phone=&#8221;80%&#8221; max_width_last_edited=&#8221;on|desktop&#8221; custom_margin=&#8221;|||&#8221; custom_padding=&#8221;0px|0px|0px|0px|false|false&#8221; animation_style=&#8221;fade&#8221; make_fullwidth=&#8221;on&#8221; global_colors_info=&#8221;{}&#8221;][et_pb_column type=&#8221;1_2&#8243; _builder_version=&#8221;4.16&#8243; custom_padding=&#8221;|||&#8221; global_colors_info=&#8221;{}&#8221; custom_padding__hover=&#8221;|||&#8221;][et_pb_cta title=&#8221;Would you like more information? &#8221; button_url=&#8221;https:\/\/ecarrieres.com\/en\/contact-us\/&#8221; url_new_window=&#8221;on&#8221; button_text=&#8221;Contact us&#8221; _builder_version=&#8221;4.23&#8243; header_text_align=&#8221;left&#8221; header_text_color=&#8221;#0740F6&#8243; body_text_align=&#8221;left&#8221; body_text_color=&#8221;#22344F&#8221; background_color=&#8221;#FFFFFF&#8221; custom_button=&#8221;on&#8221; button_text_color=&#8221;#FFFFFF&#8221; button_bg_color=&#8221;#0740F6&#8243; button_icon=&#8221;&#x24;||divi||400&#8243; button_on_hover=&#8221;off&#8221; button_alignment=&#8221;left&#8221; button_custom_margin=&#8221;32px||||false|false&#8221; button_custom_padding=&#8221;20px|78px|20px|30px|false|false&#8221; background_layout=&#8221;light&#8221; custom_padding=&#8221;48px|48px|48px|48px|false|false&#8221; custom_css_main_element=&#8221;box-shadow: 0px 4px 20px rgba(0, 0, 0, 0.1);&#8221; border_color_all=&#8221;#22344F&#8221; button_text_color_hover=&#8221;#ffffff&#8221; button_bg_color_hover=&#8221;#4ecdc4&#8243; global_colors_info=&#8221;{}&#8221; button_text_size__hover_enabled=&#8221;off&#8221; button_one_text_size__hover_enabled=&#8221;off&#8221; button_two_text_size__hover_enabled=&#8221;off&#8221; button_text_color__hover_enabled=&#8221;on&#8221; button_text_color__hover=&#8221;#ffffff&#8221; button_one_text_color__hover_enabled=&#8221;off&#8221; button_two_text_color__hover_enabled=&#8221;off&#8221; button_border_width__hover_enabled=&#8221;off&#8221; button_one_border_width__hover_enabled=&#8221;off&#8221; button_two_border_width__hover_enabled=&#8221;off&#8221; button_border_color__hover_enabled=&#8221;off&#8221; button_one_border_color__hover_enabled=&#8221;off&#8221; button_two_border_color__hover_enabled=&#8221;off&#8221; button_border_radius__hover_enabled=&#8221;off&#8221; button_one_border_radius__hover_enabled=&#8221;off&#8221; button_two_border_radius__hover_enabled=&#8221;off&#8221; button_letter_spacing__hover_enabled=&#8221;off&#8221; button_one_letter_spacing__hover_enabled=&#8221;off&#8221; button_two_letter_spacing__hover_enabled=&#8221;off&#8221; button_bg_color__hover_enabled=&#8221;on&#8221; button_bg_color__hover=&#8221;#4ecdc4&#8243; button_one_bg_color__hover_enabled=&#8221;off&#8221; button_two_bg_color__hover_enabled=&#8221;off&#8221;][\/et_pb_cta][\/et_pb_column][et_pb_column type=&#8221;1_2&#8243; _builder_version=&#8221;4.16&#8243; custom_padding=&#8221;|||&#8221; global_colors_info=&#8221;{}&#8221; custom_padding__hover=&#8221;|||&#8221;][et_pb_cta title=&#8221;Events calendar&#8221; button_url=&#8221;https:\/\/ecarrieres.com\/en\/events\/&#8221; url_new_window=&#8221;on&#8221; button_text=&#8221;Read more&#8221; _builder_version=&#8221;4.23&#8243; header_text_align=&#8221;left&#8221; header_text_color=&#8221;#22344F&#8221; body_text_align=&#8221;left&#8221; body_text_color=&#8221;#22344F&#8221; background_color=&#8221;#FFFFFF&#8221; custom_button=&#8221;on&#8221; button_text_color=&#8221;#FFFFFF&#8221; button_bg_color=&#8221;#22344F&#8221; button_icon=&#8221;&#x24;||divi||400&#8243; button_on_hover=&#8221;off&#8221; button_alignment=&#8221;left&#8221; button_custom_margin=&#8221;32px||||false|false&#8221; button_custom_padding=&#8221;20px|78px|20px|30px|false|false&#8221; text_orientation=&#8221;left&#8221; custom_padding=&#8221;48px|48px|48px|48px|false|false&#8221; custom_css_main_element=&#8221;box-shadow: 0px 4px 20px rgba(0, 0, 0, 0.1);&#8221; border_color_all=&#8221;#22344F&#8221; button_text_color_hover=&#8221;#4ecdc4&#8243; button_bg_color_hover=&#8221;#ffffff&#8221; global_colors_info=&#8221;{}&#8221; button_text_size__hover_enabled=&#8221;off&#8221; button_one_text_size__hover_enabled=&#8221;off&#8221; button_two_text_size__hover_enabled=&#8221;off&#8221; button_text_color__hover_enabled=&#8221;on&#8221; button_text_color__hover=&#8221;#4ecdc4&#8243; button_one_text_color__hover_enabled=&#8221;off&#8221; button_two_text_color__hover_enabled=&#8221;off&#8221; button_border_width__hover_enabled=&#8221;off&#8221; button_one_border_width__hover_enabled=&#8221;off&#8221; button_two_border_width__hover_enabled=&#8221;off&#8221; button_border_color__hover_enabled=&#8221;off&#8221; button_one_border_color__hover_enabled=&#8221;off&#8221; button_two_border_color__hover_enabled=&#8221;off&#8221; button_border_radius__hover_enabled=&#8221;off&#8221; button_one_border_radius__hover_enabled=&#8221;off&#8221; button_two_border_radius__hover_enabled=&#8221;off&#8221; button_letter_spacing__hover_enabled=&#8221;off&#8221; button_one_letter_spacing__hover_enabled=&#8221;off&#8221; button_two_letter_spacing__hover_enabled=&#8221;off&#8221; button_bg_color__hover_enabled=&#8221;on&#8221; button_bg_color__hover=&#8221;#ffffff&#8221; button_one_bg_color__hover_enabled=&#8221;off&#8221; button_two_bg_color__hover_enabled=&#8221;off&#8221;]<\/p>\n<p>&nbsp;<\/p>\n<p>&nbsp;<\/p>\n<p>[\/et_pb_cta][\/et_pb_column][\/et_pb_row][\/et_pb_section]<\/p>\n","protected":false},"excerpt":{"rendered":"<p>Frequently asked QuestionsFor exhibitorsTo find out the cost of a stand at a job fair, whatever the event, contact us, we&#8217;ll be happy to help! Don&#8217;t forget to fill in your contact details.Only non-profit organizations benefit from a preferential rate for the Employment Assistance and Immigration area.By reserving your booth in advance, you may be [&hellip;]<\/p>\n","protected":false},"author":1,"featured_media":0,"parent":0,"menu_order":0,"comment_status":"closed","ping_status":"closed","template":"","meta":{"_acf_changed":false,"_et_pb_use_builder":"on","_et_pb_old_content":"","_et_gb_content_width":"","footnotes":""},"class_list":["post-21518","page","type-page","status-publish","hentry"],"acf":[],"publishpress_future_action":{"enabled":false,"date":"2026-04-29 09:21:18","action":"change-status","newStatus":"draft","terms":[],"taxonomy":"translation_priority","extraData":[]},"publishpress_future_workflow_manual_trigger":{"enabledWorkflows":[]},"_links":{"self":[{"href":"https:\/\/ecarrieres.com\/en\/wp-json\/wp\/v2\/pages\/21518","targetHints":{"allow":["GET"]}}],"collection":[{"href":"https:\/\/ecarrieres.com\/en\/wp-json\/wp\/v2\/pages"}],"about":[{"href":"https:\/\/ecarrieres.com\/en\/wp-json\/wp\/v2\/types\/page"}],"author":[{"embeddable":true,"href":"https:\/\/ecarrieres.com\/en\/wp-json\/wp\/v2\/users\/1"}],"replies":[{"embeddable":true,"href":"https:\/\/ecarrieres.com\/en\/wp-json\/wp\/v2\/comments?post=21518"}],"version-history":[{"count":3,"href":"https:\/\/ecarrieres.com\/en\/wp-json\/wp\/v2\/pages\/21518\/revisions"}],"predecessor-version":[{"id":33105,"href":"https:\/\/ecarrieres.com\/en\/wp-json\/wp\/v2\/pages\/21518\/revisions\/33105"}],"wp:attachment":[{"href":"https:\/\/ecarrieres.com\/en\/wp-json\/wp\/v2\/media?parent=21518"}],"curies":[{"name":"wp","href":"https:\/\/api.w.org\/{rel}","templated":true}]}}