{"id":42065,"date":"2024-09-09T08:59:00","date_gmt":"2024-09-09T12:59:00","guid":{"rendered":"https:\/\/ecarrieres.com\/blogue\/"},"modified":"2024-09-20T12:50:30","modified_gmt":"2024-09-20T16:50:30","slug":"blog","status":"publish","type":"page","link":"https:\/\/ecarrieres.com\/en\/blog\/","title":{"rendered":"Blog"},"content":{"rendered":"<p>[et_pb_section fb_built=&#8221;1&#8243; module_class=&#8221;banner-blog&#8221; _builder_version=&#8221;4.27.0&#8243; background_color=&#8221;#485665&#8243; use_background_color_gradient=&#8221;on&#8221; background_color_gradient_direction=&#8221;0deg&#8221; background_color_gradient_stops=&#8221;rgba(0,0,0,0.2) 0%|rgba(0,0,0,0.2) 100%&#8221; background_color_gradient_overlays_image=&#8221;on&#8221; background_color_gradient_start=&#8221;rgba(25,27,49,0.86)&#8221; background_color_gradient_end=&#8221;rgba(25,27,49,0.77)&#8221; background_image=&#8221;https:\/\/ecarrieres.com\/wp-content\/uploads\/2024\/09\/Visuel-header.png&#8221; module_alignment=&#8221;right&#8221; height=&#8221;447px&#8221; custom_margin=&#8221;|||&#8221; custom_padding=&#8221;0px||0px|&#8221; custom_css_free_form=&#8221;.banner-blog {|| display: flex;|| align-items: center;||}&#8221; da_disable_devices=&#8221;off|off|off&#8221; border_color_all=&#8221;#ffffff&#8221; border_width_right=&#8221;15px&#8221; border_width_left=&#8221;15px&#8221; global_colors_info=&#8221;{}&#8221; da_is_popup=&#8221;off&#8221; da_exit_intent=&#8221;off&#8221; da_has_close=&#8221;on&#8221; da_alt_close=&#8221;off&#8221; da_dark_close=&#8221;off&#8221; da_not_modal=&#8221;on&#8221; da_is_singular=&#8221;off&#8221; da_with_loader=&#8221;off&#8221; da_has_shadow=&#8221;on&#8221;][et_pb_row use_custom_gutter=&#8221;on&#8221; gutter_width=&#8221;1&#8243; module_class=&#8221; et_pb_row_fullwidth&#8221; _builder_version=&#8221;4.16&#8243; width=&#8221;100%&#8221; width_tablet=&#8221;100%&#8221; width_phone=&#8221;100%&#8221; width_last_edited=&#8221;on|desktop&#8221; max_width=&#8221;100%&#8221; max_width_tablet=&#8221;100%&#8221; max_width_phone=&#8221;100%&#8221; max_width_last_edited=&#8221;on|desktop&#8221; module_alignment=&#8221;center&#8221; custom_margin=&#8221;0px|0px|0px|0px&#8221; custom_padding=&#8221;0px|0px|41px|0px&#8221; make_fullwidth=&#8221;on&#8221; global_colors_info=&#8221;{}&#8221;][et_pb_column type=&#8221;4_4&#8243; _builder_version=&#8221;4.16&#8243; custom_padding=&#8221;4vw|4vw|4vw|4vw&#8221; global_colors_info=&#8221;{}&#8221; custom_padding__hover=&#8221;|||&#8221;][et_pb_text _builder_version=&#8221;4.27.0&#8243; text_font=&#8221;||||||||&#8221; text_text_color=&#8221;#FFFFFF&#8221; text_font_size=&#8221;72px&#8221; header_font=&#8221;Source Sans Pro||||||||&#8221; header_text_color=&#8221;#4ecdc4&#8243; header_font_size=&#8221;72px&#8221; header_2_font=&#8221;Source Sans Pro||on||||||&#8221; header_2_text_align=&#8221;center&#8221; header_2_text_color=&#8221;#4ecdc4&#8243; header_2_font_size=&#8221;42px&#8221; header_2_letter_spacing=&#8221;3px&#8221; header_2_line_height=&#8221;1.1em&#8221; text_orientation=&#8221;center&#8221; module_alignment=&#8221;center&#8221; custom_margin=&#8221;0px|||&#8221; custom_margin_tablet=&#8221;&#8221; custom_margin_phone=&#8221;&#8221; custom_margin_last_edited=&#8221;on|desktop&#8221; custom_padding=&#8221;2vw|||&#8221; animation_style=&#8221;fade&#8221; header_font_size_tablet=&#8221;48px&#8221; header_font_size_phone=&#8221;32px&#8221; header_font_size_last_edited=&#8221;on|phone&#8221; inline_fonts=&#8221;AvantGarde Bold&#8221; global_colors_info=&#8221;{}&#8221;]<\/p>\n<h1><span style=\"font-family: 'AvantGarde Bold'; font-weight: normal;\">Blog<\/span><\/h1>\n<p>[\/et_pb_text][\/et_pb_column][\/et_pb_row][\/et_pb_section][et_pb_section fb_built=&#8221;1&#8243; _builder_version=&#8221;4.27.0&#8243; _module_preset=&#8221;default&#8221; custom_padding=&#8221;||0px||false|false&#8221; da_disable_devices=&#8221;off|off|off&#8221; global_colors_info=&#8221;{}&#8221; da_is_popup=&#8221;off&#8221; da_exit_intent=&#8221;off&#8221; da_has_close=&#8221;on&#8221; da_alt_close=&#8221;off&#8221; da_dark_close=&#8221;off&#8221; da_not_modal=&#8221;on&#8221; da_is_singular=&#8221;off&#8221; da_with_loader=&#8221;off&#8221; da_has_shadow=&#8221;on&#8221;][et_pb_row _builder_version=&#8221;4.27.0&#8243; _module_preset=&#8221;default&#8221; max_width=&#8221;1280px&#8221; global_colors_info=&#8221;{}&#8221;][et_pb_column type=&#8221;4_4&#8243; _builder_version=&#8221;4.27.0&#8243; _module_preset=&#8221;default&#8221; global_colors_info=&#8221;{}&#8221;][et_pb_text _builder_version=&#8221;4.27.0&#8243; _module_preset=&#8221;default&#8221; header_2_text_color=&#8221;#25354d&#8221; global_colors_info=&#8221;{}&#8221;]<\/p>\n<h2>Our latest news<\/h2>\n<p>[\/et_pb_text][et_pb_text _builder_version=&#8221;4.27.0&#8243; _module_preset=&#8221;default&#8221; text_font=&#8221;||||||||&#8221; text_font_size=&#8221;24px&#8221; max_width=&#8221;850px&#8221; global_colors_info=&#8221;{}&#8221;]<\/p>\n<p>Advice, tips and testimonials: check out the latest news from l&#8217;\u00c9v\u00e9nement Carri\u00e8res.<\/p>\n<p>[\/et_pb_text][\/et_pb_column][\/et_pb_row][\/et_pb_section][et_pb_section fb_built=&#8221;1&#8243; custom_padding_last_edited=&#8221;on|phone&#8221; _builder_version=&#8221;4.27.0&#8243; parallax=&#8221;on&#8221; custom_margin=&#8221;0px||||false|false&#8221; custom_padding=&#8221;0px||||false|false&#8221; custom_padding_tablet=&#8221;0px||||false|false&#8221; custom_padding_phone=&#8221;0px||||false|false&#8221; da_disable_devices=&#8221;off|off|off&#8221; global_colors_info=&#8221;{}&#8221; da_is_popup=&#8221;off&#8221; da_exit_intent=&#8221;off&#8221; da_has_close=&#8221;on&#8221; da_alt_close=&#8221;off&#8221; da_dark_close=&#8221;off&#8221; da_not_modal=&#8221;on&#8221; da_is_singular=&#8221;off&#8221; da_with_loader=&#8221;off&#8221; da_has_shadow=&#8221;on&#8221;][et_pb_row module_class=&#8221; et_pb_row_fullwidth&#8221; _builder_version=&#8221;4.27.0&#8243; width=&#8221;100%&#8221; width_tablet=&#8221;80%&#8221; width_phone=&#8221;80%&#8221; width_last_edited=&#8221;on|desktop&#8221; max_width=&#8221;1280px&#8221; max_width_tablet=&#8221;80%&#8221; max_width_phone=&#8221;80%&#8221; max_width_last_edited=&#8221;on|desktop&#8221; make_fullwidth=&#8221;on&#8221; global_colors_info=&#8221;{}&#8221;][et_pb_column type=&#8221;4_4&#8243; _builder_version=&#8221;4.16&#8243; custom_padding=&#8221;|||&#8221; global_colors_info=&#8221;{}&#8221; custom_padding__hover=&#8221;|||&#8221;][et_pb_text _builder_version=&#8221;4.27.0&#8243; _module_preset=&#8221;default&#8221; global_colors_info=&#8221;{}&#8221;]<\/p>\n<form action=\"\" method=\"get\" class=\"filters-blog\">\n    <select name=\"category\">\n                    <option value=\"\">All categories<\/option><option value=\"58\" >Tips for Employers<\/option><option value=\"57\" >Tips for Job Seekers<\/option><option value=\"123\" >Top Exhibitor<\/option><option value=\"2\" >Uncategorized<\/option><\/select><input type=\"text\" name=\"search\" value=\"\" placeholder=Search by keywords\/><button type=\"submit\">Filter<\/button>\n                <\/form>\n<p>[\/et_pb_text][et_pb_blog meta_date=&#8221;j M Y&#8221; excerpt_length=&#8221;150&#8243; show_more=&#8221;on&#8221; show_author=&#8221;off&#8221; use_overlay=&#8221;on&#8221; overlay_icon_color=&#8221;#4ecdc4&#8243; hover_overlay_color=&#8221;rgba(72,86,101,0.56)&#8221; hover_icon=&#8221;&#x4c;||divi||400&#8243; module_id=&#8221;blog&#8221; _builder_version=&#8221;4.27.0&#8243; header_font_size=&#8221;24px&#8221; header_letter_spacing=&#8221;1px&#8221; meta_font=&#8221;|600|||||||&#8221; meta_text_color=&#8221;#22344f&#8221; meta_font_size=&#8221;14px&#8221; read_more_font=&#8221;|600|||on||||&#8221; read_more_text_color=&#8221;#22344f&#8221; read_more_font_size=&#8221;16px&#8221; pagination_text_color=&#8221;#22344f&#8221; custom_margin=&#8221;||||false|false&#8221; pagination_font_size_tablet=&#8221;51&#8243; pagination_line_height_tablet=&#8221;2&#8243; custom_css_free_form=&#8221;\/*style the wp-pagenavi pagination links*\/||||#blog.et_pb_blog_0 .wp-pagenavi a,||#blog.et_pb_blog_0 .wp-pagenavi span {|| color: #0740F6!important;|| background: transparent;|| font-size: 1em !important;|| line-height: 1em;|| font-weight: bold !important;|| padding: 0.5rem 1rem !important;|| border-radius: 999rem;|| border: none;|| transition: all .5s;||}||||#blog.et_pb_blog_0 .wp-pagenavi a.nextpostslink, #blog.et_pb_blog_0 .wp-pagenavi a.previouspostslink {|| background-color: #0740f6!important;|| color: #fff!important;||}||||\/*style the wp-pagenavi current page number*\/||#blog.et_pb_blog_0 .wp-pagenavi span.current {|| color: #0740F6 !important;|| background: #f1f3f5 !important;|| border-radius: 100px;||}||||\/*style the wp-pagenavi pagination links on hover*\/||#blog.et_pb_blog_0 .wp-pagenavi a:hover {|| color: #ffffff!important;|| background: #0070fc!important;||}||||\/*style the wp-pagenavi pages text*\/||#blog.et_pb_blog_0 .wp-pagenavi .pages {|| display: none;||}||||\/*remove border and center the wp-pagenavi links*\/||#blog .wp-pagenavi {|| border-top: none;||}||&#8221; global_colors_info=&#8221;{}&#8221;][\/et_pb_blog][\/et_pb_column][\/et_pb_row][\/et_pb_section]<\/p>\n","protected":false},"excerpt":{"rendered":"<p>Blog Our latest news Advice, tips and testimonials: check out the latest news from l&#8217;\u00c9v\u00e9nement Carri\u00e8res. <form action=\"\" method=\"get\" class=\"filters-blog\">\n    <select name=\"category\">\n                    <option value=\"\">All categories<\/option><option value=\"58\" >Tips for Employers<\/option><option value=\"57\" >Tips for Job Seekers<\/option><option value=\"123\" >Top Exhibitor<\/option><option value=\"2\" >Uncategorized<\/option><\/select><input type=\"text\" name=\"search\" value=\"\" placeholder=Search by keywords\/><button type=\"submit\">Filter<\/button>\n                <\/form><\/p>\n","protected":false},"author":1,"featured_media":0,"parent":0,"menu_order":0,"comment_status":"closed","ping_status":"closed","template":"","meta":{"_acf_changed":false,"_et_pb_use_builder":"on","_et_pb_old_content":"","_et_gb_content_width":"","footnotes":""},"class_list":["post-42065","page","type-page","status-publish","hentry"],"acf":[],"publishpress_future_action":{"enabled":false,"date":"2026-04-15 02:12:04","action":"change-status","newStatus":"draft","terms":[],"taxonomy":"translation_priority","extraData":[]},"publishpress_future_workflow_manual_trigger":{"enabledWorkflows":[]},"_links":{"self":[{"href":"https:\/\/ecarrieres.com\/en\/wp-json\/wp\/v2\/pages\/42065","targetHints":{"allow":["GET"]}}],"collection":[{"href":"https:\/\/ecarrieres.com\/en\/wp-json\/wp\/v2\/pages"}],"about":[{"href":"https:\/\/ecarrieres.com\/en\/wp-json\/wp\/v2\/types\/page"}],"author":[{"embeddable":true,"href":"https:\/\/ecarrieres.com\/en\/wp-json\/wp\/v2\/users\/1"}],"replies":[{"embeddable":true,"href":"https:\/\/ecarrieres.com\/en\/wp-json\/wp\/v2\/comments?post=42065"}],"version-history":[{"count":3,"href":"https:\/\/ecarrieres.com\/en\/wp-json\/wp\/v2\/pages\/42065\/revisions"}],"predecessor-version":[{"id":43147,"href":"https:\/\/ecarrieres.com\/en\/wp-json\/wp\/v2\/pages\/42065\/revisions\/43147"}],"wp:attachment":[{"href":"https:\/\/ecarrieres.com\/en\/wp-json\/wp\/v2\/media?parent=42065"}],"curies":[{"name":"wp","href":"https:\/\/api.w.org\/{rel}","templated":true}]}}