{"id":10210,"date":"2020-07-16T11:13:33","date_gmt":"2020-07-16T15:13:33","guid":{"rendered":"https:\/\/ecarrieres.com\/?page_id=10210"},"modified":"2022-06-13T15:24:21","modified_gmt":"2022-06-13T19:24:21","slug":"infolettre-levenement-carrieres","status":"publish","type":"page","link":"https:\/\/ecarrieres.com\/fr\/infolettre-levenement-carrieres\/","title":{"rendered":"Infolettre &#8211; L&rsquo;\u00c9v\u00e9nement Carri\u00e8res"},"content":{"rendered":"<p>[et_pb_section fb_built=\u00a0\u00bb1&Prime; _builder_version=\u00a0\u00bb4.9.4&Prime; background_color=\u00a0\u00bb#efefef\u00a0\u00bb custom_padding=\u00a0\u00bb0px|0px|0px|0px\u00a0\u00bb border_width_right=\u00a0\u00bb15px\u00a0\u00bb border_color_right=\u00a0\u00bb#ffffff\u00a0\u00bb border_width_left=\u00a0\u00bb15px\u00a0\u00bb border_color_left=\u00a0\u00bb#ffffff\u00a0\u00bb global_module=\u00a0\u00bb1014&Prime; locked=\u00a0\u00bboff\u00a0\u00bb global_colors_info=\u00a0\u00bb{}\u00a0\u00bb da_is_popup=\u00a0\u00bboff\u00a0\u00bb da_exit_intent=\u00a0\u00bboff\u00a0\u00bb da_has_close=\u00a0\u00bbon\u00a0\u00bb da_alt_close=\u00a0\u00bboff\u00a0\u00bb da_dark_close=\u00a0\u00bboff\u00a0\u00bb da_not_modal=\u00a0\u00bbon\u00a0\u00bb da_is_singular=\u00a0\u00bboff\u00a0\u00bb da_with_loader=\u00a0\u00bboff\u00a0\u00bb da_has_shadow=\u00a0\u00bbon\u00a0\u00bb da_disable_devices=\u00a0\u00bboff|off|off\u00a0\u00bb][et_pb_row column_structure=\u00a0\u00bb1_3,1_3,1_3&Prime; use_custom_gutter=\u00a0\u00bbon\u00a0\u00bb gutter_width=\u00a0\u00bb1&Prime; module_class=\u00a0\u00bb et_pb_row_fullwidth\u00a0\u00bb _builder_version=\u00a0\u00bb4.16&Prime; width=\u00a0\u00bb100%\u00a0\u00bb width_tablet=\u00a0\u00bb100%\u00a0\u00bb width_phone=\u00a0\u00bb\u00a0\u00bb width_last_edited=\u00a0\u00bbon|desktop\u00a0\u00bb max_width=\u00a0\u00bb100%\u00a0\u00bb max_width_tablet=\u00a0\u00bb100%\u00a0\u00bb max_width_phone=\u00a0\u00bb\u00a0\u00bb max_width_last_edited=\u00a0\u00bbon|desktop\u00a0\u00bb min_height=\u00a0\u00bb328px\u00a0\u00bb custom_margin=\u00a0\u00bb0px||0px|\u00a0\u00bb custom_padding=\u00a0\u00bb116px||0px||false|false\u00a0\u00bb border_color_right=\u00a0\u00bb#f2f2f2&Prime; border_color_left=\u00a0\u00bb#f2f2f2&Prime; make_fullwidth=\u00a0\u00bbon\u00a0\u00bb global_colors_info=\u00a0\u00bb{}\u00a0\u00bb][et_pb_column type=\u00a0\u00bb1_3&Prime; _builder_version=\u00a0\u00bb4.16&Prime; custom_padding=\u00a0\u00bb|||\u00a0\u00bb global_colors_info=\u00a0\u00bb{}\u00a0\u00bb custom_padding__hover=\u00a0\u00bb|||\u00a0\u00bb][et_pb_text _builder_version=\u00a0\u00bb4.16&Prime; text_text_color=\u00a0\u00bb#000000&Prime; text_font_size=\u00a0\u00bb16px\u00a0\u00bb text_line_height=\u00a0\u00bb1.5em\u00a0\u00bb header_2_font=\u00a0\u00bb|||on|||||\u00a0\u00bb header_2_font_size=\u00a0\u00bb35px\u00a0\u00bb header_2_letter_spacing=\u00a0\u00bb3px\u00a0\u00bb min_height=\u00a0\u00bb183.8px\u00a0\u00bb custom_margin=\u00a0\u00bb||42px|||\u00a0\u00bb custom_padding=\u00a0\u00bb0vw||0vw|4vw||\u00a0\u00bb custom_padding_tablet=\u00a0\u00bb4vw|4vw|4vw|4vw\u00a0\u00bb custom_padding_phone=\u00a0\u00bb\u00a0\u00bb custom_padding_last_edited=\u00a0\u00bbon|desktop\u00a0\u00bb global_colors_info=\u00a0\u00bb{}\u00a0\u00bb]<\/p>\n<h2 style=\"text-align: left;\">Abonnez-vous \u00e0 l&rsquo;infolettre<\/h2>\n<p style=\"text-align: left;\">Inscrivez-vous \u00e0 notre bulletin \u00e9lectronique pour rester inform\u00e9(e) de nos prochains \u00e9v\u00e9nements!<\/p>\n<p>[\/et_pb_text][\/et_pb_column][et_pb_column type=\u00a0\u00bb1_3&Prime; _builder_version=\u00a0\u00bb4.16&Prime; custom_padding=\u00a0\u00bb|||\u00a0\u00bb global_colors_info=\u00a0\u00bb{}\u00a0\u00bb custom_padding__hover=\u00a0\u00bb|||\u00a0\u00bb][et_pb_text _builder_version=\u00a0\u00bb4.16&Prime; custom_margin=\u00a0\u00bb-54px|||||\u00a0\u00bb global_colors_info=\u00a0\u00bb{}\u00a0\u00bb]<\/p>\n<h3 style=\"text-align: center;\">\u00c0 la recherche d&rsquo;un emploi ?<\/h3>\n<p style=\"text-align: left;\"><\/p>\n<p>[\/et_pb_text][\/et_pb_column][et_pb_column type=\u00a0\u00bb1_3&Prime; _builder_version=\u00a0\u00bb4.16&Prime; _module_preset=\u00a0\u00bbdefault\u00a0\u00bb global_colors_info=\u00a0\u00bb{}\u00a0\u00bb][et_pb_text _builder_version=\u00a0\u00bb4.16&Prime; custom_margin=\u00a0\u00bb-54px|||||\u00a0\u00bb global_colors_info=\u00a0\u00bb{}\u00a0\u00bb]<\/p>\n<h3 style=\"text-align: center;\">Vous \u00eates un(e) exposant(e) ?<\/h3>\n<p style=\"text-align: left;\"><\/p>\n<p>[\/et_pb_text][\/et_pb_column][\/et_pb_row][\/et_pb_section]<\/p>\n","protected":false},"excerpt":{"rendered":"<p>Abonnez-vous \u00e0 l&rsquo;infolettre Inscrivez-vous \u00e0 notre bulletin \u00e9lectronique pour rester inform\u00e9(e) de nos prochains \u00e9v\u00e9nements!\u00c0 la recherche d&rsquo;un emploi ? Vous \u00eates un(e) exposant(e) ? <\/p>\n","protected":false},"author":18,"featured_media":17411,"parent":0,"menu_order":0,"comment_status":"closed","ping_status":"closed","template":"","meta":{"_acf_changed":false,"_et_pb_use_builder":"on","_et_pb_old_content":"","_et_gb_content_width":"","footnotes":""},"class_list":["post-10210","page","type-page","status-publish","has-post-thumbnail","hentry"],"acf":[],"publishpress_future_action":{"enabled":false,"date":"2026-04-29 18:35:41","action":"change-status","newStatus":"draft","terms":[],"taxonomy":"translation_priority","extraData":[]},"publishpress_future_workflow_manual_trigger":{"enabledWorkflows":[]},"_links":{"self":[{"href":"https:\/\/ecarrieres.com\/fr\/wp-json\/wp\/v2\/pages\/10210","targetHints":{"allow":["GET"]}}],"collection":[{"href":"https:\/\/ecarrieres.com\/fr\/wp-json\/wp\/v2\/pages"}],"about":[{"href":"https:\/\/ecarrieres.com\/fr\/wp-json\/wp\/v2\/types\/page"}],"author":[{"embeddable":true,"href":"https:\/\/ecarrieres.com\/fr\/wp-json\/wp\/v2\/users\/18"}],"replies":[{"embeddable":true,"href":"https:\/\/ecarrieres.com\/fr\/wp-json\/wp\/v2\/comments?post=10210"}],"version-history":[{"count":4,"href":"https:\/\/ecarrieres.com\/fr\/wp-json\/wp\/v2\/pages\/10210\/revisions"}],"predecessor-version":[{"id":20342,"href":"https:\/\/ecarrieres.com\/fr\/wp-json\/wp\/v2\/pages\/10210\/revisions\/20342"}],"wp:featuredmedia":[{"embeddable":true,"href":"https:\/\/ecarrieres.com\/fr\/wp-json\/wp\/v2\/media\/17411"}],"wp:attachment":[{"href":"https:\/\/ecarrieres.com\/fr\/wp-json\/wp\/v2\/media?parent=10210"}],"curies":[{"name":"wp","href":"https:\/\/api.w.org\/{rel}","templated":true}]}}