{"id":18096,"date":"2022-03-07T15:37:29","date_gmt":"2022-03-07T20:37:29","guid":{"rendered":"https:\/\/ecarrieres.com\/formulaire-inscription-visiteurs-laval-copy\/"},"modified":"2023-05-11T11:03:34","modified_gmt":"2023-05-11T15:03:34","slug":"formulaire-inscription-visiteurs-journee-emploi-rive-sud","status":"publish","type":"page","link":"https:\/\/ecarrieres.com\/fr\/formulaire-inscription-visiteurs-journee-emploi-rive-sud\/","title":{"rendered":"Formulaire inscription visiteurs &#8211; Journ\u00e9e de l&#8217;emploi Rive-Sud"},"content":{"rendered":"<p>L&rsquo;\u00e9v\u00e9nement est d\u00e9sormais termin\u00e9. Merci pour votre int\u00e9r\u00eat.<\/p>\n","protected":false},"excerpt":{"rendered":"<p>L&rsquo;\u00e9v\u00e9nement est d\u00e9sormais termin\u00e9. Merci pour votre int\u00e9r\u00eat.<\/p>\n","protected":false},"author":18,"featured_media":0,"parent":0,"menu_order":0,"comment_status":"closed","ping_status":"closed","template":"","meta":{"_acf_changed":false,"_et_pb_use_builder":"","_et_pb_old_content":"","_et_gb_content_width":"","footnotes":""},"class_list":["post-18096","page","type-page","status-publish","hentry"],"acf":[],"publishpress_future_action":{"enabled":false,"date":"2026-04-22 15:17:27","action":"change-status","newStatus":"draft","terms":[],"taxonomy":"translation_priority","extraData":[]},"publishpress_future_workflow_manual_trigger":{"enabledWorkflows":[]},"_links":{"self":[{"href":"https:\/\/ecarrieres.com\/fr\/wp-json\/wp\/v2\/pages\/18096","targetHints":{"allow":["GET"]}}],"collection":[{"href":"https:\/\/ecarrieres.com\/fr\/wp-json\/wp\/v2\/pages"}],"about":[{"href":"https:\/\/ecarrieres.com\/fr\/wp-json\/wp\/v2\/types\/page"}],"author":[{"embeddable":true,"href":"https:\/\/ecarrieres.com\/fr\/wp-json\/wp\/v2\/users\/18"}],"replies":[{"embeddable":true,"href":"https:\/\/ecarrieres.com\/fr\/wp-json\/wp\/v2\/comments?post=18096"}],"version-history":[{"count":3,"href":"https:\/\/ecarrieres.com\/fr\/wp-json\/wp\/v2\/pages\/18096\/revisions"}],"predecessor-version":[{"id":29409,"href":"https:\/\/ecarrieres.com\/fr\/wp-json\/wp\/v2\/pages\/18096\/revisions\/29409"}],"wp:attachment":[{"href":"https:\/\/ecarrieres.com\/fr\/wp-json\/wp\/v2\/media?parent=18096"}],"curies":[{"name":"wp","href":"https:\/\/api.w.org\/{rel}","templated":true}]}}