{"id":20492,"date":"2022-06-14T15:29:22","date_gmt":"2022-06-14T19:29:22","guid":{"rendered":"https:\/\/ecarrieres.com\/accueil-2022-copy\/"},"modified":"2026-04-20T18:41:32","modified_gmt":"2026-04-20T22:41:32","slug":"accueil-2022-copy","status":"publish","type":"page","link":"https:\/\/ecarrieres.com\/fr\/","title":{"rendered":"Accueil"},"content":{"rendered":"<p>[et_pb_section fb_built=\u00a0\u00bb1&Prime; _builder_version=\u00a0\u00bb4.17.4&Prime; _module_preset=\u00a0\u00bbdefault\u00a0\u00bb da_disable_devices=\u00a0\u00bboff|off|off\u00a0\u00bb global_colors_info=\u00a0\u00bb{}\u00a0\u00bb da_is_popup=\u00a0\u00bboff\u00a0\u00bb da_exit_intent=\u00a0\u00bboff\u00a0\u00bb da_has_close=\u00a0\u00bbon\u00a0\u00bb da_alt_close=\u00a0\u00bboff\u00a0\u00bb da_dark_close=\u00a0\u00bboff\u00a0\u00bb da_not_modal=\u00a0\u00bbon\u00a0\u00bb da_is_singular=\u00a0\u00bboff\u00a0\u00bb da_with_loader=\u00a0\u00bboff\u00a0\u00bb da_has_shadow=\u00a0\u00bbon\u00a0\u00bb][et_pb_row _builder_version=\u00a0\u00bb4.27.4&Prime; _module_preset=\u00a0\u00bbdefault\u00a0\u00bb global_colors_info=\u00a0\u00bb{}\u00a0\u00bb][et_pb_column type=\u00a0\u00bb4_4&Prime; _builder_version=\u00a0\u00bb4.17.4&Prime; _module_preset=\u00a0\u00bbdefault\u00a0\u00bb global_colors_info=\u00a0\u00bb{}\u00a0\u00bb][et_pb_button _builder_version=\u00a0\u00bb4.27.4&Prime; _module_preset=\u00a0\u00bbdefault\u00a0\u00bb global_colors_info=\u00a0\u00bb{}\u00a0\u00bb][\/et_pb_button][\/et_pb_column][\/et_pb_row][\/et_pb_section]<\/p>\n","protected":false},"excerpt":{"rendered":"<p>Chez L\u2019\u00c9v\u00e9nement Carri\u00e8res, nous mettons en place des salons de l\u2019emploi exceptionnels, allant au-del\u00e0 des simples rencontres entre employeurs, organismes d\u2019aide \u00e0 l\u2019emploi, \u00e9coles et candidats. Nous offrons aux exposants l\u2019opportunit\u00e9 de mettre en avant leurs valeurs, leurs visions et leurs opportunit\u00e9s uniques. Pour les chercheurs d\u2019emploi, nos \u00e9v\u00e9nements sont une source inestimable d\u2019inspiration, d\u2019\u00e9ducation et d\u2019opportunit\u00e9s de r\u00e9seautage. Nous sommes bien plus qu\u2019un organisateur de salons de l\u2019emploi. Nous sommes des cr\u00e9ateurs d\u2019opportunit\u00e9s et des b\u00e2tisseurs de carri\u00e8res.<\/p>\n","protected":false},"author":1,"featured_media":33128,"parent":0,"menu_order":0,"comment_status":"closed","ping_status":"closed","template":"template-home-2022.php","meta":{"_acf_changed":false,"_et_pb_use_builder":"on","_et_pb_old_content":"","_et_gb_content_width":"","footnotes":""},"class_list":["post-20492","page","type-page","status-publish","has-post-thumbnail","hentry"],"acf":[],"publishpress_future_action":{"enabled":false,"date":"2026-04-28 05:48:06","action":"change-status","newStatus":"draft","terms":[],"taxonomy":"translation_priority","extraData":[]},"publishpress_future_workflow_manual_trigger":{"enabledWorkflows":[]},"_links":{"self":[{"href":"https:\/\/ecarrieres.com\/fr\/wp-json\/wp\/v2\/pages\/20492","targetHints":{"allow":["GET"]}}],"collection":[{"href":"https:\/\/ecarrieres.com\/fr\/wp-json\/wp\/v2\/pages"}],"about":[{"href":"https:\/\/ecarrieres.com\/fr\/wp-json\/wp\/v2\/types\/page"}],"author":[{"embeddable":true,"href":"https:\/\/ecarrieres.com\/fr\/wp-json\/wp\/v2\/users\/1"}],"replies":[{"embeddable":true,"href":"https:\/\/ecarrieres.com\/fr\/wp-json\/wp\/v2\/comments?post=20492"}],"version-history":[{"count":3,"href":"https:\/\/ecarrieres.com\/fr\/wp-json\/wp\/v2\/pages\/20492\/revisions"}],"predecessor-version":[{"id":57538,"href":"https:\/\/ecarrieres.com\/fr\/wp-json\/wp\/v2\/pages\/20492\/revisions\/57538"}],"wp:featuredmedia":[{"embeddable":true,"href":"https:\/\/ecarrieres.com\/fr\/wp-json\/wp\/v2\/media\/33128"}],"wp:attachment":[{"href":"https:\/\/ecarrieres.com\/fr\/wp-json\/wp\/v2\/media?parent=20492"}],"curies":[{"name":"wp","href":"https:\/\/api.w.org\/{rel}","templated":true}]}}